{"id":22041,"date":"2025-12-02T14:50:41","date_gmt":"2025-12-02T04:50:41","guid":{"rendered":"http:\/\/ihaefe.org\/?page_id=22041"},"modified":"2025-12-02T14:50:41","modified_gmt":"2025-12-02T04:50:41","slug":"kovichev","status":"publish","type":"page","link":"http:\/\/ihaefe.org\/about\/people\/kovichev\/","title":{"rendered":"\u041a\u043e\u0432\u044b\u0447\u0435\u0432 \u0415\u0432\u0433\u0435\u043d\u0438\u0439 \u0412\u0438\u043a\u0442\u043e\u0440\u043e\u0432\u0438\u0447"},"content":{"rendered":"<p style=\"text-align: justify;\"><strong><img loading=\"lazy\" class=\"alignleft size-full wp-image-22042\" src=\"http:\/\/ihaefe.org\/wp-content\/uploads\/2025\/12\/\u041a\u043e\u0432\u044b\u0447\u0435\u0432-\u0415.\u0412..jpg\" alt=\"\" width=\"425\" height=\"551\" srcset=\"http:\/\/ihaefe.org\/wp-content\/uploads\/2025\/12\/\u041a\u043e\u0432\u044b\u0447\u0435\u0432-\u0415.\u0412..jpg 425w, http:\/\/ihaefe.org\/wp-content\/uploads\/2025\/12\/\u041a\u043e\u0432\u044b\u0447\u0435\u0432-\u0415.\u0412.-46x60.jpg 46w\" sizes=\"(max-width: 425px) 100vw, 425px\" \/>\u0414\u043e\u043b\u0436\u043d\u043e\u0441\u0442\u044c<\/strong>: \u0432\u0435\u0434\u0443\u0449\u0438\u0439 \u043d\u0430\u0443\u0447\u043d\u044b\u0439 \u0441\u043e\u0442\u0440\u0443\u0434\u043d\u0438\u043a<br \/>\n<strong>\u041f\u043e\u0434\u0440\u0430\u0437\u0434\u0435\u043b\u0435\u043d\u0438\u0435<\/strong>: <a href=\"http:\/\/ihaefe.org\/about\/structure\/research-departments\/zbsc\/\">\u0417\u0430\u0431\u0430\u0439\u043a\u0430\u043b\u044c\u0441\u043a\u0438\u0439 \u043d\u0430\u0443\u0447\u043d\u044b\u0439 \u0446\u0435\u043d\u0442\u0440<\/a><br \/>\n<strong>\u0423\u0447\u0435\u043d\u0430\u044f \u0441\u0442\u0435\u043f\u0435\u043d\u044c<\/strong>: \u043a\u0430\u043d\u0434\u0438\u0434\u0430\u0442&nbsp;\u0438\u0441\u0442\u043e\u0440\u0438\u0447\u0435\u0441\u043a\u0438\u0445 \u043d\u0430\u0443\u043a<br \/>\n<strong>\u0423\u0447\u0435\u043d\u043e\u0435 \u0437\u0432\u0430\u043d\u0438\u0435<\/strong>: \u0434\u043e\u0446\u0435\u043d\u0442<br \/>\n<strong>\u0421\u0444\u0435\u0440\u0430 \u043d\u0430\u0443\u0447\u043d\u044b\u0445 \u0438\u043d\u0442\u0435\u0440\u0435\u0441\u043e\u0432<\/strong>: \u0414\u0440\u0435\u0432\u043d\u044f\u044f \u0438 \u0441\u0440\u0435\u0434\u043d\u0435\u0432\u0435\u043a\u043e\u0432\u0430\u044f \u0438\u0441\u0442\u043e\u0440\u0438\u044f \u0412\u043e\u0441\u0442\u043e\u0447\u043d\u043e\u0433\u043e \u0417\u0430\u0431\u0430\u0439\u043a\u0430\u043b\u044c\u044f<\/p>\n<h2 style=\"text-align: justify;\">\u041f\u0443\u0431\u043b\u0438\u043a\u0430\u0446\u0438\u0438<\/h2>\n<ol>\n<li>\u0422\u0430\u0448\u0430\u043a \u0412.\u0418., \u041a\u043e\u0432\u044b\u0447\u0435\u0432 \u0415.\u0412. \u041f\u0440\u043e\u0438\u0437\u0432\u043e\u0434\u0441\u0442\u0432\u043e \u043c\u0438\u043a\u0440\u043e\u043f\u043b\u0430\u0441\u0442\u0438\u043d \u0432 \u0438\u043d\u0434\u0443\u0441\u0442\u0440\u0438\u0438 \u0421\u0443\u0445\u043e\u0442\u0438\u043d\u043e-4 (\u0412\u043e\u0441\u0442\u043e\u0447\u043d\u043e\u0435 \u0417\u0430\u0431\u0430\u0439\u043a\u0430\u043b\u044c\u0435) \/\/ \u0410\u0440\u0445\u0435\u043e\u043b\u043e\u0433\u0438\u044f, \u044d\u0442\u043d\u043e\u0433\u0440\u0430\u0444\u0438\u044f \u0438 \u0430\u043d\u0442\u0440\u043e\u043f\u043e\u043b\u043e\u0433\u0438\u044f \u0415\u0432\u0440\u0430\u0437\u0438\u0438. \u0422. 53, \u21161. &nbsp;\u0421. 25-33;<\/li>\n<li>K\u0131l\u0131n\u00e7 G.M., Kashuba N., Rodr\u00edguez-Varela R., Krzewi\u0144ska M., G\u00f6therstr\u00f6m A., Koptekin D., Bergfeldt N., Dal\u00e9n L., K\u0131rd\u00f6k E., D\u00f6nerta\u015f H.M., Shergin D., Ineshin E., Ivanov G., Kichigin D., Kharinskii A., Pestereva K., Volkov D., Mandryka P., Tishkin A., Kovychev E. et al <a href=\"https:\/\/www.elibrary.ru\/item.asp?id=45013945\">HUMAN <\/a>POPULATION DYNAMICS AND YERSINIA PESTIS IN ANCIENT NORTHEAST ASIA. \/\/<br \/>\nScience Advances. 2021. \u0422. 7.&nbsp;\u2116&nbsp;2. \u0421. 4587.<\/li>\n<li>\u041a\u0440\u0430\u0434\u0438\u043d \u041d.\u041d., \u0425\u0430\u0440\u0438\u043d\u0441\u043a\u0438\u0439 \u0410.\u0412., \u0411\u0430\u043a\u0448\u0435\u0435\u0432\u0430 \u0421.\u0415., \u041a\u043e\u0432\u044b\u0447\u0435\u0432 \u0415.\u0412., \u041f\u0440\u043e\u043a\u043e\u043f\u0435\u0446 \u0421.\u0414.<br \/>\n\u0410\u0420\u0425\u0415\u041e\u041b\u041e\u0413\u0418\u042f \u0418\u041c\u041f\u0415\u0420\u0418\u0418 \u0427\u0418\u041d\u0413\u0418\u0421-\u0425\u0410\u041d\u0410 \u0412 \u041c\u041e\u041d\u0413\u041e\u041b\u0418\u0418 \u0418 \u0417\u0410\u0411\u0410\u0419\u041a\u0410\u041b\u042c\u0415.&nbsp; \/\/ Stratum Plus. \u0410\u0440\u0445\u0435\u043e\u043b\u043e\u0433\u0438\u044f \u0438 \u043a\u0443\u043b\u044c\u0442\u0443\u0440\u043d\u0430\u044f \u0430\u043d\u0442\u0440\u043e\u043f\u043e\u043b\u043e\u0433\u0438\u044f. 2016.&nbsp;\u2116&nbsp;6. \u0421. 17-43.<\/li>\n<\/ol>\n","protected":false},"excerpt":{"rendered":"<p>\u0414\u043e\u043b\u0436\u043d\u043e\u0441\u0442\u044c: \u0432\u0435\u0434\u0443\u0449\u0438\u0439 \u043d\u0430\u0443\u0447\u043d\u044b\u0439 \u0441\u043e\u0442\u0440\u0443\u0434\u043d\u0438\u043a \u041f\u043e\u0434\u0440\u0430\u0437\u0434\u0435\u043b\u0435\u043d\u0438\u0435: \u0417\u0430\u0431\u0430\u0439\u043a\u0430\u043b\u044c\u0441\u043a\u0438\u0439 \u043d\u0430\u0443\u0447\u043d\u044b\u0439 \u0446\u0435\u043d\u0442\u0440 \u0423\u0447\u0435\u043d\u0430\u044f \u0441\u0442\u0435\u043f\u0435\u043d\u044c: \u043a\u0430\u043d\u0434\u0438\u0434\u0430\u0442&nbsp;\u0438\u0441\u0442\u043e\u0440\u0438\u0447\u0435\u0441\u043a\u0438\u0445 \u043d\u0430\u0443\u043a \u0423\u0447\u0435\u043d\u043e\u0435 \u0437\u0432\u0430\u043d\u0438\u0435: \u0434\u043e\u0446\u0435\u043d\u0442 \u0421\u0444\u0435\u0440\u0430 \u043d\u0430\u0443\u0447\u043d\u044b\u0445 \u0438\u043d\u0442\u0435\u0440\u0435\u0441\u043e\u0432: \u0414\u0440\u0435\u0432\u043d\u044f\u044f \u0438 \u0441\u0440\u0435\u0434\u043d\u0435\u0432\u0435\u043a\u043e\u0432\u0430\u044f \u0438\u0441\u0442\u043e\u0440\u0438\u044f \u0412\u043e\u0441\u0442\u043e\u0447\u043d\u043e\u0433\u043e \u0417\u0430\u0431\u0430\u0439\u043a\u0430\u043b\u044c\u044f \u041f\u0443\u0431\u043b\u0438\u043a\u0430\u0446\u0438\u0438 &hellip; <\/p>\n","protected":false},"author":1,"featured_media":0,"parent":207,"menu_order":0,"comment_status":"closed","ping_status":"closed","template":"","meta":{"_editorskit_title_hidden":false,"_editorskit_reading_time":0,"_editorskit_is_block_options_detached":false,"_editorskit_block_options_position":"{}","ngg_post_thumbnail":0},"_links":{"self":[{"href":"http:\/\/ihaefe.org\/wp-json\/wp\/v2\/pages\/22041"}],"collection":[{"href":"http:\/\/ihaefe.org\/wp-json\/wp\/v2\/pages"}],"about":[{"href":"http:\/\/ihaefe.org\/wp-json\/wp\/v2\/types\/page"}],"author":[{"embeddable":true,"href":"http:\/\/ihaefe.org\/wp-json\/wp\/v2\/users\/1"}],"replies":[{"embeddable":true,"href":"http:\/\/ihaefe.org\/wp-json\/wp\/v2\/comments?post=22041"}],"version-history":[{"count":1,"href":"http:\/\/ihaefe.org\/wp-json\/wp\/v2\/pages\/22041\/revisions"}],"predecessor-version":[{"id":22043,"href":"http:\/\/ihaefe.org\/wp-json\/wp\/v2\/pages\/22041\/revisions\/22043"}],"up":[{"embeddable":true,"href":"http:\/\/ihaefe.org\/wp-json\/wp\/v2\/pages\/207"}],"wp:attachment":[{"href":"http:\/\/ihaefe.org\/wp-json\/wp\/v2\/media?parent=22041"}],"curies":[{"name":"wp","href":"https:\/\/api.w.org\/{rel}","templated":true}]}}